{"id":1020,"date":"2024-09-26T10:05:15","date_gmt":"2024-09-26T08:05:15","guid":{"rendered":"https:\/\/glycoscience.es\/politica-de-cookies\/"},"modified":"2024-09-26T10:09:15","modified_gmt":"2024-09-26T08:09:15","slug":"cookies-policy","status":"publish","type":"page","link":"https:\/\/glycoscience.es\/en\/cookies-policy\/","title":{"rendered":"Cookies Policy"},"content":{"rendered":"\t\t<div data-elementor-type=\"wp-page\" data-elementor-id=\"1020\" class=\"elementor elementor-1020 elementor-1014\" data-elementor-post-type=\"page\">\n\t\t\t\t\t\t<section data-particle_enable=\"false\" data-particle-mobile-disabled=\"false\" class=\"elementor-section elementor-top-section elementor-element elementor-element-778323e elementor-section-full_width elementor-section-height-default elementor-section-height-default\" data-id=\"778323e\" data-element_type=\"section\">\n\t\t\t\t\t\t<div class=\"elementor-container elementor-column-gap-default\">\n\t\t\t\t\t<div class=\"elementor-column elementor-col-100 elementor-top-column elementor-element elementor-element-1d5ed3f\" data-id=\"1d5ed3f\" data-element_type=\"column\">\n\t\t\t<div class=\"elementor-widget-wrap elementor-element-populated\">\n\t\t\t\t\t\t<div class=\"elementor-element elementor-element-c92be14 elementor-widget elementor-widget-theme-post-title elementor-page-title elementor-widget-heading\" data-id=\"c92be14\" data-element_type=\"widget\" data-widget_type=\"theme-post-title.default\">\n\t\t\t\t<div class=\"elementor-widget-container\">\n\t\t\t\t\t<h1 class=\"elementor-heading-title elementor-size-default\">Cookies Policy<\/h1>\t\t\t\t<\/div>\n\t\t\t\t<\/div>\n\t\t\t\t<div class=\"elementor-element elementor-element-d20e4a0 elementor-widget elementor-widget-text-editor\" data-id=\"d20e4a0\" data-element_type=\"widget\" data-widget_type=\"text-editor.default\">\n\t\t\t\t<div class=\"elementor-widget-container\">\n\t\t\t\t\t\t\t\t\t<p><b>GLYCOSCIENCE<\/b>, con domicilio C\/ Consell de Cent 373, 2\u00ba 08008 Barcelona utiliza cookies para el funcionamiento de su sitio web.<\/p><p>Las cookies son archivos de texto que contienen peque\u00f1as cantidades de informaci\u00f3n que se descargan en su ordenador o dispositivo m\u00f3vil cuando usted visita un sitio web. Las cookies se env\u00edan de vuelta al sitio web original en cada visita posterior, o a otro sitio web que las reconoce. Las cookies son \u00fatiles porque permiten a un sitio web reconocer el dispositivo del usuario. Las cookies pueden realizar diferentes funciones como permitir navegar entre las p\u00e1ginas de manera eficiente, recordando sus preferencias, y en general mejorar la navegaci\u00f3n del usuario.<\/p><p>En cuanto a los\u00a0<b>tipos de cookies<\/b>, \u00e9stas se clasifican seg\u00fan la entidad que las gestione; as\u00ed, tenemos las propias y las de tercero, seg\u00fan el plazo que permanecen activadas de sesi\u00f3n o persistentes, seg\u00fan su finalidad, t\u00e9cnicas, de personalizaci\u00f3n, de an\u00e1lisis, publicitarias y de publicidad comportamental.<\/p><p>Le informamos de los tipos de cookies que se utilizan en este sitio web y su finalidad:<\/p><p><b>Cookies propias<\/b><\/p><p>Entre las cookies que utilizamos hay:<\/p><p>\u2022 Las de sesi\u00f3n, que expiran cuando el usuario abandona la p\u00e1gina o cierra el navegador; es decir, est\u00e1n activas mientras dura la visita al sitio web y por lo tanto son borradas de nuestro ordenador al abandonarlo. (Por ejemplo: PHPSESSIONID, galleta de sesi\u00f3n imprescindible para gestionar la navegaci\u00f3n al lugar).<\/p><p>\u2022 Las cookies propias son las enviadas a vuestro ordenador y gestionadas exclusivamente por nosotros para el mejor funcionamiento del sitio web. La informaci\u00f3n que recogemos se emplea para mejorar la calidad de nuestro servicio y vuestra experiencia como usuario. (Por ejemplo: IW_LANG, galleta propia utilizada para la identificaci\u00f3n autom\u00e1tica del idioma de la sesi\u00f3n).<\/p><p>\u2022 Las cookies de geolocalizaci\u00f3n se utilizan para almacenar datos de localizaci\u00f3n y ofrecer contenidos y servicios individualizados.<\/p><p>\u2022 Las cookies anal\u00edticas son cookies de Google Analytics que recopilan informaci\u00f3n sobre la navegaci\u00f3n del usuario (p\u00e1ginas anteriores, tiempos de permanencia en una p\u00e1gina, enlaces visitados, etc.).<\/p><p><b>Uso de complementos y cookies de terceros<\/b><\/p><p><b>GLYCOSCIENCE SL,\u00a0<\/b>utiliza cookies de Google Analytics, la configuraci\u00f3n de estas cookies est\u00e1 predeterminada por el servicio que ofrece Google, motivo por el cual le sugerimos que consulte la p\u00e1gina de privacidad de Google Analytics,\u00a0<a href=\"http:\/\/www.google.com\/intl\/es\/analytics\/privacyoverview.html\">http:\/\/www.google.com\/intl\/es\/analytics\/privacyoverview.html<\/a>\u00a0 para obtener m\u00e1s informaci\u00f3n sobre las cookies que usa y c\u00f3mo deshabilitarlas (entendi\u00e9ndose que no somos responsables del contenido o la veracidad de los sitios web de terceros).<\/p><p>Los complementos y las cookies empleados incluyen:<\/p><p>\u00a0<\/p><p>\u00a0<\/p><table cellspacing=\"0\" cellpadding=\"0\"><tbody><tr><td valign=\"bottom\">Complemento<\/td><td valign=\"bottom\">Principales cookies utilizadas<\/td><td valign=\"bottom\">Finalidad<\/td><\/tr><tr><td valign=\"bottom\">Google Analytics<\/td><td valign=\"bottom\">__utma, __utmb, __utmc, __utmz, etcGAPS\/NID\/PREF\/SAPISID\/SID\/SSID<\/td><td valign=\"bottom\">Google Analytics env\u00eda a Google la direcci\u00f3n IP e informaci\u00f3n an\u00f3nima sobre el uso de la p\u00e1gina, con el objetivo de proporcionarnos informaci\u00f3n de c\u00f3mo interaccionan los usuarios con el web<\/td><\/tr><\/tbody><\/table><p>\u00a0<\/p><p><i>Este cuadro informativo se actualizar\u00e1 con la mayor celeridad posible a medida que cambien los servicios ofrecidos en este sitio web. No obstante, puntalmente durante dicha actualizaci\u00f3n, podr\u00eda ocurrir que el cuadro informativo dejara de incluir alguna cookie, tag u otros sistemas similares que permitan la trazabilidad de un usuario o su dispositivo, si bien se tratar\u00e1 siempre de sistemas con finalidades id\u00e9nticas a las que constan en el presente cuadro.<\/i><\/p><p><b>Desactivaci\u00f3n de las cookies<\/b><\/p><p>El usuario puede libremente decidir acerca de la implantaci\u00f3n o no en su disco duro de nuestras cookies as\u00ed como su eliminaci\u00f3n, siguiendo el procedimiento establecido en la secci\u00f3n de ayuda de su navegador. El usuario puede tambi\u00e9n configurar su navegador para aceptar o rechazar por defecto todas las cookies o para recibir un aviso en pantalla de la recepci\u00f3n de cada cookie y decidir en ese momento su implantaci\u00f3n o no en su disco duro.<\/p><p>Enlaces a los fabricantes de dispositivos y navegadores para la gesti\u00f3n o desactivaci\u00f3n de cookies en su navegador:<\/p><p>Para Internet Explorer:<\/p><p><a href=\"http:\/\/windows.microsoft.com\/es-es\/windows7\/how-to-manage-cookies-in-internet-explorer-9\">http:\/\/windows.microsoft.com\/es-es\/windows7\/how-to-manage-cookies-in-internet-explorer-9<\/a><\/p><p>Para Chrome:<\/p><p><a href=\"https:\/\/support.google.com\/chrome\/answer\/95647?hl=es\">https:\/\/support.google.com\/chrome\/answer\/95647?hl=es<\/a><\/p><p>Para Safari:<\/p><p><a href=\"http:\/\/support.apple.com\/kb\/HT1677?viewlocale=es_ES\">http:\/\/support.apple.com\/kb\/HT1677?viewlocale=es_ES<\/a><\/p><p>Para Firefox:<\/p><p><a href=\"https:\/\/support.mozilla.org\/es\/kb\/Borrar%20cookies\">https:\/\/support.mozilla.org\/es\/kb\/Borrar%20cookies<\/a><\/p><p>Para Opera:<\/p><p><a href=\"http:\/\/help.opera.com\/Linux\/10.60\/es-ES\/cookies.html\">http:\/\/help.opera.com\/Linux\/10.60\/es-ES\/cookies.html<\/a><\/p><p>Para Android:<\/p><p><a href=\"http:\/\/support.google.com\/android\/?hl=es\">http:\/\/support.google.com\/android\/?hl=es<\/a><\/p><p>Para Blackberry:<\/p><p><a href=\"http:\/\/docs.blackberry.com\/en\/smartphone_users\/deliverables\/32004\/Turn_off_cookies_in_the_browser_60_1072866_11.jsp\">http:\/\/docs.blackberry.com\/en\/smartphone_users\/deliverables\/32004\/Turn_off_cookies_in_the_browser_60_1072866_11.jsp<\/a><\/p><p>Para Windows Phone:<\/p><p><a href=\"http:\/\/www.windowsphone.com\/es-es\/how-to\/wp7\/web\/changing-privacy-and-other-browser-settings\">http:\/\/www.windowsphone.com\/es-es\/how-to\/wp7\/web\/changing-privacy-and-other-browser-settings<\/a><\/p><p>El hecho de que el usuario configure su navegador para rechazar todas las cookies o expresamente nuestras cookies puede suponer que no sea posible acceder a algunos de los servicios y que su experiencia en nuestra web pueda resultar menos satisfactoria.<\/p>\t\t\t\t\t\t\t\t<\/div>\n\t\t\t\t<\/div>\n\t\t\t\t\t<\/div>\n\t\t<\/div>\n\t\t\t\t\t<\/div>\n\t\t<\/section>\n\t\t\t\t<\/div>\n\t\t","protected":false},"excerpt":{"rendered":"<p>GLYCOSCIENCE, con domicilio C\/ Consell de Cent 373, 2\u00ba 08008 Barcelona utiliza cookies para el funcionamiento de su sitio web. Las cookies son archivos de texto que contienen peque\u00f1as cantidades de informaci\u00f3n que se descargan en su ordenador o dispositivo m\u00f3vil cuando usted visita un sitio web. Las cookies se env\u00edan de vuelta al sitio [&hellip;]<\/p>\n","protected":false},"author":3,"featured_media":0,"parent":0,"menu_order":0,"comment_status":"closed","ping_status":"closed","template":"","meta":{"footnotes":""},"class_list":["post-1020","page","type-page","status-publish","hentry"],"_links":{"self":[{"href":"https:\/\/glycoscience.es\/en\/wp-json\/wp\/v2\/pages\/1020","targetHints":{"allow":["GET"]}}],"collection":[{"href":"https:\/\/glycoscience.es\/en\/wp-json\/wp\/v2\/pages"}],"about":[{"href":"https:\/\/glycoscience.es\/en\/wp-json\/wp\/v2\/types\/page"}],"author":[{"embeddable":true,"href":"https:\/\/glycoscience.es\/en\/wp-json\/wp\/v2\/users\/3"}],"replies":[{"embeddable":true,"href":"https:\/\/glycoscience.es\/en\/wp-json\/wp\/v2\/comments?post=1020"}],"version-history":[{"count":1,"href":"https:\/\/glycoscience.es\/en\/wp-json\/wp\/v2\/pages\/1020\/revisions"}],"predecessor-version":[{"id":1025,"href":"https:\/\/glycoscience.es\/en\/wp-json\/wp\/v2\/pages\/1020\/revisions\/1025"}],"wp:attachment":[{"href":"https:\/\/glycoscience.es\/en\/wp-json\/wp\/v2\/media?parent=1020"}],"curies":[{"name":"wp","href":"https:\/\/api.w.org\/{rel}","templated":true}]}}